{"id":224,"date":"2024-09-30T13:00:21","date_gmt":"2024-09-30T13:00:21","guid":{"rendered":"https:\/\/tractariauto120.md\/?page_id=224"},"modified":"2024-10-04T07:02:12","modified_gmt":"2024-10-04T07:02:12","slug":"contacte","status":"publish","type":"page","link":"https:\/\/tractariauto120.md\/ru\/contacte\/","title":{"rendered":"\u041a\u043e\u043d\u0442\u0430\u043a\u0442\u044b"},"content":{"rendered":"<div data-elementor-type=\"wp-page\" data-elementor-id=\"224\" class=\"elementor elementor-224\" data-elementor-post-type=\"page\">\n\t\t\t\t<div class=\"elementor-element elementor-element-9843c5a e-flex e-con-boxed e-con e-parent\" data-id=\"9843c5a\" data-element_type=\"container\">\n\t\t\t\t\t<div class=\"e-con-inner\">\n\t\t\t\t<div class=\"elementor-element elementor-element-b4aea95 elementor-widget elementor-widget-heading\" data-id=\"b4aea95\" data-element_type=\"widget\" data-widget_type=\"heading.default\">\n\t\t\t\t<div class=\"elementor-widget-container\">\n\t\t\t<h2 class=\"elementor-heading-title elementor-size-default\">\u042d\u0432\u0430\u043a\u0443\u0430\u0442\u043e\u0440 24\/24<\/h2>\t\t<\/div>\n\t\t\t\t<\/div>\n\t\t\t\t<div class=\"elementor-element elementor-element-530acef elementor-widget-divider--view-line elementor-widget elementor-widget-divider\" data-id=\"530acef\" data-element_type=\"widget\" data-widget_type=\"divider.default\">\n\t\t\t\t<div class=\"elementor-widget-container\">\n\t\t\t\t\t<div class=\"elementor-divider\">\n\t\t\t<span class=\"elementor-divider-separator\">\n\t\t\t\t\t\t<\/span>\n\t\t<\/div>\n\t\t\t\t<\/div>\n\t\t\t\t<\/div>\n\t\t\t\t<div class=\"elementor-element elementor-element-961cece elementor-widget elementor-widget-text-editor\" data-id=\"961cece\" data-element_type=\"widget\" data-widget_type=\"text-editor.default\">\n\t\t\t\t<div class=\"elementor-widget-container\">\n\t\t\t\t\t\t\t<p>\u041c\u044b \u0437\u0434\u0435\u0441\u044c, \u0447\u0442\u043e\u0431\u044b \u043f\u043e\u043c\u043e\u0447\u044c \u0432\u0430\u043c 24\/7! \u041d\u0435\u0437\u0430\u0432\u0438\u0441\u0438\u043c\u043e \u043e\u0442 \u0432\u0440\u0435\u043c\u0435\u043d\u0438 \u0438 \u0434\u043d\u044f, \u043d\u0430\u0448\u0430 \u0431\u0440\u0438\u0433\u0430\u0434\u0430 \u0430\u0432\u0442\u043e\u044d\u0432\u0430\u043a\u0443\u0430\u0442\u043e\u0440\u0430<br \/>\u0433\u043e\u0442\u043e\u0432 \u043e\u043f\u0435\u0440\u0430\u0442\u0438\u0432\u043d\u043e \u0440\u0435\u0430\u0433\u0438\u0440\u043e\u0432\u0430\u0442\u044c \u043d\u0430 \u0432\u0430\u0448\u0438 \u043f\u043e\u0442\u0440\u0435\u0431\u043d\u043e\u0441\u0442\u0438.<\/p>\t\t\t\t\t\t<\/div>\n\t\t\t\t<\/div>\n\t\t\t\t\t<\/div>\n\t\t\t\t<\/div>\n\t\t<div class=\"elementor-element elementor-element-955598f e-flex e-con-boxed e-con e-parent\" data-id=\"955598f\" data-element_type=\"container\">\n\t\t\t\t\t<div class=\"e-con-inner\">\n\t\t<div class=\"elementor-element elementor-element-0c1815c e-con-full e-flex e-con e-child\" data-id=\"0c1815c\" data-element_type=\"container\">\n\t\t\t\t<div class=\"elementor-element elementor-element-68c3dfe elementor-view-default elementor-widget elementor-widget-icon\" data-id=\"68c3dfe\" data-element_type=\"widget\" data-widget_type=\"icon.default\">\n\t\t\t\t<div class=\"elementor-widget-container\">\n\t\t\t\t\t<div class=\"elementor-icon-wrapper\">\n\t\t\t<div class=\"elementor-icon\">\n\t\t\t<i aria-hidden=\"true\" class=\"fas fa-phone-alt\"><\/i>\t\t\t<\/div>\n\t\t<\/div>\n\t\t\t\t<\/div>\n\t\t\t\t<\/div>\n\t\t\t\t<div class=\"elementor-element elementor-element-21178e8 elementor-widget elementor-widget-icon-box\" data-id=\"21178e8\" data-element_type=\"widget\" data-widget_type=\"icon-box.default\">\n\t\t\t\t<div class=\"elementor-widget-container\">\n\t\t\t\t\t<div class=\"elementor-icon-box-wrapper\">\n\n\t\t\t\n\t\t\t\t\t\t<div class=\"elementor-icon-box-content\">\n\n\t\t\t\t\t\t\t\t\t<h3 class=\"elementor-icon-box-title\">\n\t\t\t\t\t\t<a href=\"tel:069120120\" >\n\t\t\t\t\t\t\t\u0422\u0435\u043b\u0435\u0444\u043e\u043d\t\t\t\t\t\t<\/a>\n\t\t\t\t\t<\/h3>\n\t\t\t\t\n\t\t\t\t\t\t\t\t\t<p class=\"elementor-icon-box-description\">\n\t\t\t\t\t\t<b>069-120-120<\/b>\t\t\t\t\t<\/p>\n\t\t\t\t\n\t\t\t<\/div>\n\t\t\t\n\t\t<\/div>\n\t\t\t\t<\/div>\n\t\t\t\t<\/div>\n\t\t\t\t<\/div>\n\t\t<div class=\"elementor-element elementor-element-6b4bce4 e-con-full e-flex e-con e-child\" data-id=\"6b4bce4\" data-element_type=\"container\">\n\t\t\t\t<div class=\"elementor-element elementor-element-95602fb elementor-view-default elementor-widget elementor-widget-icon\" data-id=\"95602fb\" data-element_type=\"widget\" data-widget_type=\"icon.default\">\n\t\t\t\t<div class=\"elementor-widget-container\">\n\t\t\t\t\t<div class=\"elementor-icon-wrapper\">\n\t\t\t<div class=\"elementor-icon\">\n\t\t\t<i aria-hidden=\"true\" class=\"fas fa-mail-bulk\"><\/i>\t\t\t<\/div>\n\t\t<\/div>\n\t\t\t\t<\/div>\n\t\t\t\t<\/div>\n\t\t\t\t<div class=\"elementor-element elementor-element-dfc8184 elementor-widget elementor-widget-icon-box\" data-id=\"dfc8184\" data-element_type=\"widget\" data-widget_type=\"icon-box.default\">\n\t\t\t\t<div class=\"elementor-widget-container\">\n\t\t\t\t\t<div class=\"elementor-icon-box-wrapper\">\n\n\t\t\t\n\t\t\t\t\t\t<div class=\"elementor-icon-box-content\">\n\n\t\t\t\t\t\t\t\t\t<h3 class=\"elementor-icon-box-title\">\n\t\t\t\t\t\t<span  >\n\t\t\t\t\t\t\t\u042d\u043b\u0435\u043a\u0442\u0440\u043e\u043d\u043d\u0430\u044f \u043f\u043e\u0447\u0442\u0430\t\t\t\t\t\t<\/span>\n\t\t\t\t\t<\/h3>\n\t\t\t\t\n\t\t\t\t\t\t\t\t\t<p class=\"elementor-icon-box-description\">\n\t\t\t\t\t\t<b>\ninfo@tractariauto120.md<\/b>\t\t\t\t\t<\/p>\n\t\t\t\t\n\t\t\t<\/div>\n\t\t\t\n\t\t<\/div>\n\t\t\t\t<\/div>\n\t\t\t\t<\/div>\n\t\t\t\t<\/div>\n\t\t<div class=\"elementor-element elementor-element-2f387ac e-con-full e-flex e-con e-child\" data-id=\"2f387ac\" data-element_type=\"container\">\n\t\t\t\t<div class=\"elementor-element elementor-element-2bfe45b elementor-view-default elementor-widget elementor-widget-icon\" data-id=\"2bfe45b\" data-element_type=\"widget\" data-widget_type=\"icon.default\">\n\t\t\t\t<div class=\"elementor-widget-container\">\n\t\t\t\t\t<div class=\"elementor-icon-wrapper\">\n\t\t\t<div class=\"elementor-icon\">\n\t\t\t<i aria-hidden=\"true\" class=\"fas fa-map-marker-alt\"><\/i>\t\t\t<\/div>\n\t\t<\/div>\n\t\t\t\t<\/div>\n\t\t\t\t<\/div>\n\t\t\t\t<div class=\"elementor-element elementor-element-c249c78 elementor-widget elementor-widget-icon-box\" data-id=\"c249c78\" data-element_type=\"widget\" data-widget_type=\"icon-box.default\">\n\t\t\t\t<div class=\"elementor-widget-container\">\n\t\t\t\t\t<div class=\"elementor-icon-box-wrapper\">\n\n\t\t\t\n\t\t\t\t\t\t<div class=\"elementor-icon-box-content\">\n\n\t\t\t\t\t\t\t\t\t<h3 class=\"elementor-icon-box-title\">\n\t\t\t\t\t\t<span  >\n\t\t\t\t\t\t\t\u0410\u0434\u0440\u0435\u0441\t\t\t\t\t\t<\/span>\n\t\t\t\t\t<\/h3>\n\t\t\t\t\n\t\t\t\t\t\t\t\t\t<p class=\"elementor-icon-box-description\">\n\t\t\t\t\t\t<b>str. Petru Rare\u0219 77\/1<\/b>\t\t\t\t\t<\/p>\n\t\t\t\t\n\t\t\t<\/div>\n\t\t\t\n\t\t<\/div>\n\t\t\t\t<\/div>\n\t\t\t\t<\/div>\n\t\t\t\t<\/div>\n\t\t\t\t\t<\/div>\n\t\t\t\t<\/div>\n\t\t\t\t<\/div>","protected":false},"excerpt":{"rendered":"<p>Tractare Auto 24\/24 Suntem aici pentru a v\u0103 ajuta 24\/7! Indiferent de ora sau zi, echipa noastr\u0103 de tract\u0103ri autoeste preg\u0103tit\u0103 s\u0103 r\u0103spund\u0103 prompt nevoilor dumneavoastr\u0103. Telefon 069-120-120 Email info@tractariauto120.md Adresa str. Petru Rare\u0219 77\/1<\/p>","protected":false},"author":1,"featured_media":0,"parent":0,"menu_order":0,"comment_status":"closed","ping_status":"closed","template":"","meta":{"footnotes":""},"class_list":["post-224","page","type-page","status-publish","hentry"],"_links":{"self":[{"href":"https:\/\/tractariauto120.md\/ru\/wp-json\/wp\/v2\/pages\/224"}],"collection":[{"href":"https:\/\/tractariauto120.md\/ru\/wp-json\/wp\/v2\/pages"}],"about":[{"href":"https:\/\/tractariauto120.md\/ru\/wp-json\/wp\/v2\/types\/page"}],"author":[{"embeddable":true,"href":"https:\/\/tractariauto120.md\/ru\/wp-json\/wp\/v2\/users\/1"}],"replies":[{"embeddable":true,"href":"https:\/\/tractariauto120.md\/ru\/wp-json\/wp\/v2\/comments?post=224"}],"version-history":[{"count":10,"href":"https:\/\/tractariauto120.md\/ru\/wp-json\/wp\/v2\/pages\/224\/revisions"}],"predecessor-version":[{"id":824,"href":"https:\/\/tractariauto120.md\/ru\/wp-json\/wp\/v2\/pages\/224\/revisions\/824"}],"wp:attachment":[{"href":"https:\/\/tractariauto120.md\/ru\/wp-json\/wp\/v2\/media?parent=224"}],"curies":[{"name":"wp","href":"https:\/\/api.w.org\/{rel}","templated":true}]}}